{"id":191,"date":"2019-03-12T14:00:11","date_gmt":"2019-03-12T13:00:11","guid":{"rendered":"https:\/\/14congreso.clubarbitraje.com\/organizacion\/"},"modified":"2021-07-14T10:54:53","modified_gmt":"2021-07-14T09:54:53","slug":"organization","status":"publish","type":"page","link":"https:\/\/15congreso.clubarbitraje.com\/en\/organization\/","title":{"rendered":"Organization"},"content":{"rendered":"<p>[et_pb_section fb_built=&#8221;1&#8243; module_class=&#8221;bloque-sponsors&#8221; _builder_version=&#8221;3.19.18&#8243; background_image=&#8221;https:\/\/14congreso.clubarbitraje.com\/wp-content\/uploads\/2019\/03\/fondo-carta.jpg&#8221; parallax=&#8221;on&#8221; locked=&#8221;off&#8221;][et_pb_row _builder_version=&#8221;3.19.18&#8243;][et_pb_column type=&#8221;4_4&#8243; _builder_version=&#8221;3.19.18&#8243;][et_pb_divider show_divider=&#8221;off&#8221; height=&#8221;300px&#8221; module_class=&#8221;header-sep&#8221; _builder_version=&#8221;3.19.18&#8243; locked=&#8221;off&#8221;][\/et_pb_divider][et_pb_text disabled_on=&#8221;off|off|off&#8221; _builder_version=&#8221;3.19.18&#8243; text_font=&#8221;||||||||&#8221; header_font=&#8221;||||||||&#8221; header_3_font=&#8221;||||||||&#8221; header_3_text_align=&#8221;center&#8221; header_3_text_color=&#8221;#333333&#8243; border_width_all=&#8221;1px&#8221; text_orientation=&#8221;center&#8221; custom_margin=&#8221;2em||2em||true&#8221; custom_padding=&#8221;2em||2em||true&#8221;]<\/p>\n<h2>honorary committee<\/h2>\n<p>&nbsp;<\/p>\n<h3>PRESIDENT<\/h3>\n<p><strong>His Majesty King of Spain<\/strong><\/p>\n<p><a href=\"https:\/\/15congreso.clubarbitraje.com\/wp-content\/uploads\/2021\/07\/Credencial.pdf\" target=\"_blank\" rel=\"attachment wp-att-1034 noopener noreferrer\">Credential<\/a><\/p>\n<p>&nbsp;<\/p>\n<p>&nbsp;<\/p>\n<p>[\/et_pb_text][et_pb_text _builder_version=&#8221;3.19.18&#8243; text_font=&#8221;||||||||&#8221; header_font=&#8221;||||||||&#8221; header_3_font=&#8221;||||||||&#8221; header_3_text_align=&#8221;center&#8221; header_3_text_color=&#8221;#333333&#8243; border_width_all=&#8221;1px&#8221; text_orientation=&#8221;center&#8221; custom_padding=&#8221;2em||6em||false&#8221;]<\/p>\n<h2>ORGANIZING COMMITTEE<\/h2>\n<p>&nbsp;<\/p>\n<h3>PRESIDENT<\/h3>\n<p><strong>Julio Gonz\u00e1lez Soria<\/strong><\/p>\n<h3>VICE-PRESIDENT<\/h3>\n<p><strong>Urquiola de Palacio<\/strong><\/p>\n<p>&nbsp;<\/p>\n<p>&nbsp;[\/et_pb_text][et_pb_text _builder_version=&#8221;3.19.18&#8243; text_font=&#8221;||||||||&#8221; header_font=&#8221;||||||||&#8221; header_3_font=&#8221;||||||||&#8221; header_3_text_align=&#8221;center&#8221; header_3_text_color=&#8221;#333333&#8243; background_color=&#8221;#ffffff&#8221; border_width_all=&#8221;1px&#8221; border_width_top=&#8221;1px&#8221; border_width_right=&#8221;1px&#8221; border_width_left=&#8221;1px&#8221; text_orientation=&#8221;center&#8221; max_width=&#8221;50%&#8221; module_alignment=&#8221;center&#8221; custom_margin=&#8221;2em||2em||true&#8221; custom_padding=&#8221;2em||2em||true&#8221;]<\/p>\n<h3>VOCALS<\/h3>\n<p>[\/et_pb_text][\/et_pb_column][\/et_pb_row][et_pb_row custom_padding=&#8221;0px||&#8221; custom_margin=&#8221;||&#8221; make_equal=&#8221;on&#8221; background_color_1=&#8221;#f4f4f4&#8243; background_color_2=&#8221;#f4f4f4&#8243; padding_top_bottom_link_1=&#8221;true&#8221; padding_top_bottom_link_2=&#8221;true&#8221; padding_left_right_link_1=&#8221;true&#8221; padding_left_right_link_2=&#8221;true&#8221; padding_top_1=&#8221;1em&#8221; padding_top_2=&#8221;1em&#8221; padding_right_1=&#8221;1em&#8221; padding_right_2=&#8221;1em&#8221; padding_bottom_1=&#8221;1em&#8221; padding_bottom_2=&#8221;1em&#8221; padding_left_1=&#8221;1em&#8221; padding_left_2=&#8221;1em&#8221; module_class=&#8221;vocales&#8221; _builder_version=&#8221;3.19.18&#8243;][et_pb_column type=&#8221;1_2&#8243; _builder_version=&#8221;3.19.18&#8243;][et_pb_text _builder_version=&#8221;3.19.18&#8243; text_font=&#8221;||||||||&#8221; text_orientation=&#8221;center&#8221; custom_margin_phone=&#8221;||0px&#8221; custom_margin_last_edited=&#8221;on|phone&#8221;]Jos\u00e9 Mar\u00eda Alonso<br \/>\nAntonio Hierro<br \/>\nJes\u00fas Rem\u00f3n<br \/>\nJos\u00e9 Antonio Ca\u00ednzos<br \/>\nDavid Arias<br \/>\nJuan Fern\u00e1ndez-Armesto<br \/>\nCarlos de los Santos<br \/>\nMiguel \u00c1ngel Fern\u00e1ndez-Ballesteros<br \/>\nMar\u00eda Jos\u00e9 Men\u00e9ndez<br \/>\nAlfonso Iglesia<br \/>\nCarmen N\u00fa\u00f1ez-Lagos<br \/>\nJuan-Yago Hern\u00e1ndez-Canut<br \/>\nV\u00edctor Bonn\u00edn<br \/>\nEduardo Carmigniani<br \/>\nJorge Chac\u00f3n<br \/>\nMiguel \u00c1ngel Clare<br \/>\nAlfredo Cuadra<br \/>\nNicole Duclos<br \/>\nDaniella Esquivel<br \/>\nMiguel Esperan\u00e7a Pina<br \/>\nFrancisco Gonz\u00e1lez de Coss\u00edo<br \/>\nJaime Gallego[\/et_pb_text][\/et_pb_column][et_pb_column type=&#8221;1_2&#8243; _builder_version=&#8221;3.19.18&#8243;][et_pb_text _builder_version=&#8221;3.19.18&#8243; text_font=&#8221;||||||||&#8221; text_orientation=&#8221;center&#8221; custom_margin_phone=&#8221;0px||&#8221; custom_margin_last_edited=&#8221;on|phone&#8221;]Reynaldo Herrera<br \/>\nAdolfo Hobaica<br \/>\nMercedes Jim\u00e9nez de Arechaga<br \/>\nEdson O. L\u00f3pez<br \/>\nJacqueline L\u00f3pez<br \/>\nJean Marguerat<br \/>\nCarmen Mart\u00ednez<br \/>\nAntonio Fernando Mello Marcondes<br \/>\nAna Morales<br \/>\nRamiro Moreno Baldivieso<br \/>\nFelipe Ossa<br \/>\nMarcos Pe\u00f1a<br \/>\nMercedes Jim\u00e9nez de Ar\u00e9chaga<br \/>\nRicardo Puente<br \/>\nJos\u00e9 Manuel Represa<br \/>\nJos\u00e9 Rosell<br \/>\nWojciech Sadowski<br \/>\nPatrizia Sangalli<br \/>\nSylvia Siu<br \/>\nAlexandru Stanescu<br \/>\nJorge Suesc\u00fan<br \/>\nJos\u00e9 Tam<br \/>\nEmilio Paolo Villano<br \/>\nBenito Zelaya[\/et_pb_text][\/et_pb_column][\/et_pb_row][et_pb_row _builder_version=&#8221;3.19.18&#8243;][et_pb_column type=&#8221;4_4&#8243; _builder_version=&#8221;3.19.18&#8243;][et_pb_text _builder_version=&#8221;3.19.18&#8243; text_font=&#8221;||||||||&#8221; header_font=&#8221;||||||||&#8221; header_3_font=&#8221;||||||||&#8221; header_3_text_align=&#8221;center&#8221; header_3_text_color=&#8221;#333333&#8243; border_width_all=&#8221;1px&#8221; text_orientation=&#8221;center&#8221; custom_padding=&#8221;2em||6em||false&#8221;]<\/p>\n<h2>SCIENTIFIC COMMITTEE<\/h2>\n<p>&nbsp;<\/p>\n<h3>PRESIDENT<\/h3>\n<p><strong>Julio Gonz\u00e1lez Soria<\/strong><\/p>\n<h3>MEMBERS<\/h3>\n<p><strong>Francisco Gonz\u00e1lez de Coss\u00edo<\/strong><br \/>\n<strong>Elena Guti\u00e9rrez Garc\u00eda de Cort\u00e1zar<\/strong><br \/>\n<strong>Luc\u00eda Montes<strong><br \/>\n<strong>Manuel Penades<strong><br \/>\n<strong>An\u00edbal Sabater<strong><br \/>\n<strong>Patricia Saiz<\/strong><br \/>\n&nbsp;<br \/>\n&nbsp;[\/et_pb_text][\/et_pb_column][\/et_pb_row][\/et_pb_section]<\/p>\n","protected":false},"excerpt":{"rendered":"<p>[et_pb_section fb_built=&#8221;1&#8243; module_class=&#8221;bloque-sponsors&#8221; _builder_version=&#8221;3.19.18&#8243; background_image=&#8221;https:\/\/14congreso.clubarbitraje.com\/wp-content\/uploads\/2019\/03\/fondo-carta.jpg&#8221; parallax=&#8221;on&#8221; locked=&#8221;off&#8221;][et_pb_row _builder_version=&#8221;3.19.18&#8243;][et_pb_column type=&#8221;4_4&#8243; _builder_version=&#8221;3.19.18&#8243;][et_pb_divider show_divider=&#8221;off&#8221; height=&#8221;300px&#8221; module_class=&#8221;header-sep&#8221; _builder_version=&#8221;3.19.18&#8243; locked=&#8221;off&#8221;][\/et_pb_divider][et_pb_text disabled_on=&#8221;off|off|off&#8221; _builder_version=&#8221;3.19.18&#8243; text_font=&#8221;||||||||&#8221; header_font=&#8221;||||||||&#8221; header_3_font=&#8221;||||||||&#8221; header_3_text_align=&#8221;center&#8221; header_3_text_color=&#8221;#333333&#8243; border_width_all=&#8221;1px&#8221; text_orientation=&#8221;center&#8221; custom_margin=&#8221;2em||2em||true&#8221; custom_padding=&#8221;2em||2em||true&#8221;] honorary committee &nbsp; PRESIDENT His Majesty King of Spain Credential &nbsp; &nbsp; [\/et_pb_text][et_pb_text _builder_version=&#8221;3.19.18&#8243; text_font=&#8221;||||||||&#8221; header_font=&#8221;||||||||&#8221; header_3_font=&#8221;||||||||&#8221; header_3_text_align=&#8221;center&#8221; header_3_text_color=&#8221;#333333&#8243; border_width_all=&#8221;1px&#8221; text_orientation=&#8221;center&#8221; custom_padding=&#8221;2em||6em||false&#8221;] ORGANIZING COMMITTEE &nbsp; PRESIDENT Julio Gonz\u00e1lez Soria [&hellip;]<\/p>\n","protected":false},"author":2,"featured_media":0,"parent":0,"menu_order":0,"comment_status":"closed","ping_status":"closed","template":"","meta":{"_et_pb_use_builder":"on","_et_pb_old_content":""},"_links":{"self":[{"href":"https:\/\/15congreso.clubarbitraje.com\/en\/wp-json\/wp\/v2\/pages\/191"}],"collection":[{"href":"https:\/\/15congreso.clubarbitraje.com\/en\/wp-json\/wp\/v2\/pages"}],"about":[{"href":"https:\/\/15congreso.clubarbitraje.com\/en\/wp-json\/wp\/v2\/types\/page"}],"author":[{"embeddable":true,"href":"https:\/\/15congreso.clubarbitraje.com\/en\/wp-json\/wp\/v2\/users\/2"}],"replies":[{"embeddable":true,"href":"https:\/\/15congreso.clubarbitraje.com\/en\/wp-json\/wp\/v2\/comments?post=191"}],"version-history":[{"count":40,"href":"https:\/\/15congreso.clubarbitraje.com\/en\/wp-json\/wp\/v2\/pages\/191\/revisions"}],"predecessor-version":[{"id":1699,"href":"https:\/\/15congreso.clubarbitraje.com\/en\/wp-json\/wp\/v2\/pages\/191\/revisions\/1699"}],"wp:attachment":[{"href":"https:\/\/15congreso.clubarbitraje.com\/en\/wp-json\/wp\/v2\/media?parent=191"}],"curies":[{"name":"wp","href":"https:\/\/api.w.org\/{rel}","templated":true}]}}